{"id":504,"date":"2023-06-22T05:27:02","date_gmt":"2023-06-22T03:27:02","guid":{"rendered":"https:\/\/studiowedded.com\/?page_id=504"},"modified":"2026-03-10T21:04:56","modified_gmt":"2026-03-10T20:04:56","slug":"design-concept","status":"publish","type":"page","link":"https:\/\/studiowedded.com\/en\/design-konzeption\/","title":{"rendered":"Design concept"},"content":{"rendered":"\t\t<div data-elementor-type=\"wp-page\" data-elementor-id=\"504\" class=\"elementor elementor-504\" data-elementor-post-type=\"page\">\n\t\t\t\t<div class=\"elementor-element elementor-element-048f9c8 e-con-full e-flex e-con e-parent\" data-id=\"048f9c8\" data-element_type=\"container\" data-e-type=\"container\" data-settings=\"{&quot;background_background&quot;:&quot;classic&quot;,&quot;background_motion_fx_range&quot;:&quot;viewport&quot;,&quot;background_motion_fx_motion_fx_mouse&quot;:&quot;yes&quot;,&quot;background_motion_fx_motion_fx_scrolling&quot;:&quot;yes&quot;,&quot;background_motion_fx_scale_effect&quot;:&quot;yes&quot;,&quot;background_motion_fx_scale_range&quot;:{&quot;unit&quot;:&quot;%&quot;,&quot;size&quot;:&quot;&quot;,&quot;sizes&quot;:{&quot;start&quot;:10,&quot;end&quot;:80}},&quot;motion_fx_motion_fx_scrolling&quot;:&quot;yes&quot;,&quot;motion_fx_scale_effect&quot;:&quot;yes&quot;,&quot;background_motion_fx_scale_direction&quot;:&quot;out-in&quot;,&quot;background_motion_fx_scale_speed&quot;:{&quot;unit&quot;:&quot;px&quot;,&quot;size&quot;:4,&quot;sizes&quot;:[]},&quot;background_motion_fx_devices&quot;:[&quot;desktop&quot;,&quot;tablet&quot;,&quot;mobile&quot;],&quot;motion_fx_scale_direction&quot;:&quot;out-in&quot;,&quot;motion_fx_scale_speed&quot;:{&quot;unit&quot;:&quot;px&quot;,&quot;size&quot;:4,&quot;sizes&quot;:[]},&quot;motion_fx_scale_range&quot;:{&quot;unit&quot;:&quot;%&quot;,&quot;size&quot;:&quot;&quot;,&quot;sizes&quot;:{&quot;start&quot;:20,&quot;end&quot;:80}},&quot;motion_fx_devices&quot;:[&quot;desktop&quot;,&quot;tablet&quot;,&quot;mobile&quot;]}\">\n\t\t<div class=\"elementor-element elementor-element-1dac7ac e-con-full e-flex e-con e-child\" data-id=\"1dac7ac\" data-element_type=\"container\" data-e-type=\"container\">\n\t\t<div class=\"elementor-element elementor-element-e34db3f e-con-full e-flex e-con e-child\" data-id=\"e34db3f\" data-element_type=\"container\" data-e-type=\"container\" data-settings=\"{&quot;motion_fx_motion_fx_scrolling&quot;:&quot;yes&quot;,&quot;motion_fx_translateY_effect&quot;:&quot;yes&quot;,&quot;motion_fx_translateY_speed&quot;:{&quot;unit&quot;:&quot;px&quot;,&quot;size&quot;:4,&quot;sizes&quot;:[]},&quot;motion_fx_translateY_affectedRange&quot;:{&quot;unit&quot;:&quot;%&quot;,&quot;size&quot;:&quot;&quot;,&quot;sizes&quot;:{&quot;start&quot;:0,&quot;end&quot;:100}},&quot;motion_fx_devices&quot;:[&quot;desktop&quot;,&quot;tablet&quot;,&quot;mobile&quot;]}\">\n\t\t<div class=\"elementor-element elementor-element-8d5acce e-con-full e-flex e-con e-child\" data-id=\"8d5acce\" data-element_type=\"container\" data-e-type=\"container\">\n\t\t\t\t<div class=\"elementor-element elementor-element-4830919 elementor-widget__width-initial elementor-widget elementor-widget-heading\" data-id=\"4830919\" data-element_type=\"widget\" data-e-type=\"widget\" data-widget_type=\"heading.default\">\n\t\t\t\t<div class=\"elementor-widget-container\">\n\t\t\t\t\t<h1 class=\"elementor-heading-title elementor-size-default\">DIE DESIGN KONZEPTION<\/h1>\t\t\t\t<\/div>\n\t\t\t\t<\/div>\n\t\t\t\t<div class=\"elementor-element elementor-element-4861e6f elementor-widget elementor-widget-text-editor\" data-id=\"4861e6f\" data-element_type=\"widget\" data-e-type=\"widget\" data-widget_type=\"text-editor.default\">\n\t\t\t\t<div class=\"elementor-widget-container\">\n\t\t\t\t\t\t\t\t\t<p>F\u00fcr Paare, die sich ein stimmiges, unverwechselbares Hochzeitsdesign w\u00fcnschen<\/p>\t\t\t\t\t\t\t\t<\/div>\n\t\t\t\t<\/div>\n\t\t\t\t<div class=\"elementor-element elementor-element-5120dc2 elementor-align-center elementor-widget elementor-widget-button\" data-id=\"5120dc2\" data-element_type=\"widget\" data-e-type=\"widget\" data-widget_type=\"button.default\">\n\t\t\t\t<div class=\"elementor-widget-container\">\n\t\t\t\t\t\t\t\t\t<div class=\"elementor-button-wrapper\">\n\t\t\t\t\t<a class=\"elementor-button elementor-button-link elementor-size-sm\" href=\"https:\/\/studiowedded.com\/contact\/\">\n\t\t\t\t\t\t<span class=\"elementor-button-content-wrapper\">\n\t\t\t\t\t\t\t\t\t<span class=\"elementor-button-text\">ZUM KOSTENFREIEN BERATUNGSGESPR\u00c4CH<\/span>\n\t\t\t\t\t<\/span>\n\t\t\t\t\t<\/a>\n\t\t\t\t<\/div>\n\t\t\t\t\t\t\t\t<\/div>\n\t\t\t\t<\/div>\n\t\t\t\t<\/div>\n\t\t\t\t<\/div>\n\t\t\t\t<\/div>\n\t\t\t\t<\/div>\n\t\t<div class=\"elementor-element elementor-element-88301a2 e-con-full e-flex e-con e-parent\" data-id=\"88301a2\" data-element_type=\"container\" data-e-type=\"container\">\n\t\t<div class=\"elementor-element elementor-element-78c766d e-con-full e-flex e-con e-child\" data-id=\"78c766d\" data-element_type=\"container\" data-e-type=\"container\" data-settings=\"{&quot;background_background&quot;:&quot;classic&quot;}\">\n\t\t<div class=\"elementor-element elementor-element-20699b8 e-con-full e-flex e-con e-child\" data-id=\"20699b8\" data-element_type=\"container\" data-e-type=\"container\">\n\t\t\t\t<div class=\"elementor-element elementor-element-6ef0986 elementor-widget elementor-widget-heading\" data-id=\"6ef0986\" data-element_type=\"widget\" data-e-type=\"widget\" data-widget_type=\"heading.default\">\n\t\t\t\t<div class=\"elementor-widget-container\">\n\t\t\t\t\t<h2 class=\"elementor-heading-title elementor-size-default\">STUDIO WEDDED<\/h2>\t\t\t\t<\/div>\n\t\t\t\t<\/div>\n\t\t\t\t<div class=\"elementor-element elementor-element-e770df5 animated-slow elementor-widget__width-inherit elementor-widget-mobile__width-inherit elementor-widget elementor-widget-heading\" data-id=\"e770df5\" data-element_type=\"widget\" data-e-type=\"widget\" data-settings=\"{&quot;_animation&quot;:&quot;none&quot;,&quot;_animation_tablet&quot;:&quot;fadeIn&quot;,&quot;_animation_mobile&quot;:&quot;fadeIn&quot;}\" data-widget_type=\"heading.default\">\n\t\t\t\t<div class=\"elementor-widget-container\">\n\t\t\t\t\t<h3 class=\"elementor-heading-title elementor-size-default\">\u201eGood design tells a story \u2014 great design makes you feel it.\u201c<\/h3>\t\t\t\t<\/div>\n\t\t\t\t<\/div>\n\t\t\t\t<div class=\"elementor-element elementor-element-0dad1b0 elementor-widget__width-inherit elementor-widget elementor-widget-text-editor\" data-id=\"0dad1b0\" data-element_type=\"widget\" data-e-type=\"widget\" data-widget_type=\"text-editor.default\">\n\t\t\t\t<div class=\"elementor-widget-container\">\n\t\t\t\t\t\t\t\t\t<blockquote><p data-start=\"138\" data-end=\"439\">Ihr habt eure Location bereits gefunden und m\u00f6chtet eure Hochzeit gestalterisch auf das n\u00e4chste Level bringen?<br data-start=\"248\" data-end=\"251\" \/>Ich entwickle ein ma\u00dfgeschneidertes Designkonzept, das eure Pers\u00f6nlichkeit, euren Stil und die Architektur sowie Atmosph\u00e4re eurer Location zu einem harmonischen Gesamterlebnis verbindet.<\/p><p data-start=\"441\" data-end=\"587\">Vom Farbkonzept \u00fcber Floristik und Papeterie bis hin zur Raum- und Tischgestaltung \u2014 jedes Element folgt einem klaren, \u00e4sthetischen roten Faden.<\/p><p data-start=\"589\" data-end=\"899\">Ihr erhaltet ein detailliertes Design-Booklet mit Moodboard, digitalen Mock-ups, Material- und Farbempfehlungen, einer kuratierten Dienstleisterliste sowie einer Shopping- und Stylingliste. So wird sichergestellt, dass alle beteiligten Dienstleister:innen euer Konzept m\u00fchelos und perfekt realisieren k\u00f6nnen.<\/p><\/blockquote>\t\t\t\t\t\t\t\t<\/div>\n\t\t\t\t<\/div>\n\t\t\t\t<div class=\"elementor-element elementor-element-a335927 elementor-align-center animated-slow elementor-widget elementor-widget-button\" data-id=\"a335927\" data-element_type=\"widget\" data-e-type=\"widget\" data-settings=\"{&quot;_animation&quot;:&quot;none&quot;,&quot;_animation_tablet&quot;:&quot;fadeIn&quot;,&quot;_animation_mobile&quot;:&quot;fadeIn&quot;}\" data-widget_type=\"button.default\">\n\t\t\t\t<div class=\"elementor-widget-container\">\n\t\t\t\t\t\t\t\t\t<div class=\"elementor-button-wrapper\">\n\t\t\t\t\t<a class=\"elementor-button elementor-button-link elementor-size-sm\" href=\"https:\/\/studiowedded.com\/contact\/\">\n\t\t\t\t\t\t<span class=\"elementor-button-content-wrapper\">\n\t\t\t\t\t\t\t\t\t<span class=\"elementor-button-text\">ZUM KOSTENFREIEN BERATUNGSGESPR\u00c4CH<\/span>\n\t\t\t\t\t<\/span>\n\t\t\t\t\t<\/a>\n\t\t\t\t<\/div>\n\t\t\t\t\t\t\t\t<\/div>\n\t\t\t\t<\/div>\n\t\t\t\t<div class=\"elementor-element elementor-element-9814b6f elementor-widget elementor-widget-spacer\" data-id=\"9814b6f\" data-element_type=\"widget\" data-e-type=\"widget\" data-widget_type=\"spacer.default\">\n\t\t\t\t<div class=\"elementor-widget-container\">\n\t\t\t\t\t\t\t<div class=\"elementor-spacer\">\n\t\t\t<div class=\"elementor-spacer-inner\"><\/div>\n\t\t<\/div>\n\t\t\t\t\t\t<\/div>\n\t\t\t\t<\/div>\n\t\t\t\t<\/div>\n\t\t\t\t<\/div>\n\t\t\t\t<\/div>\n\t\t<div class=\"elementor-element elementor-element-caee57b e-con-full e-flex e-con e-parent\" data-id=\"caee57b\" data-element_type=\"container\" data-e-type=\"container\">\n\t\t<div class=\"elementor-element elementor-element-d95a145 e-flex e-con-boxed e-con e-child\" data-id=\"d95a145\" data-element_type=\"container\" data-e-type=\"container\" data-settings=\"{&quot;background_background&quot;:&quot;classic&quot;}\">\n\t\t\t\t\t<div class=\"e-con-inner\">\n\t\t\t\t\t<\/div>\n\t\t\t\t<\/div>\n\t\t<div class=\"elementor-element elementor-element-a26d0d6 e-flex e-con-boxed e-con e-child\" data-id=\"a26d0d6\" data-element_type=\"container\" data-e-type=\"container\" data-settings=\"{&quot;background_background&quot;:&quot;classic&quot;}\">\n\t\t\t\t\t<div class=\"e-con-inner\">\n\t\t\t\t\t<\/div>\n\t\t\t\t<\/div>\n\t\t<div class=\"elementor-element elementor-element-c5de5d7 e-flex e-con-boxed e-con e-child\" data-id=\"c5de5d7\" data-element_type=\"container\" data-e-type=\"container\" data-settings=\"{&quot;background_background&quot;:&quot;classic&quot;}\">\n\t\t\t\t\t<div class=\"e-con-inner\">\n\t\t\t\t\t<\/div>\n\t\t\t\t<\/div>\n\t\t\t\t<\/div>\n\t\t\t\t<section class=\"elementor-section elementor-top-section elementor-element elementor-element-4f24638 elementor-section-full_width elementor-section-height-default elementor-section-height-default\" data-id=\"4f24638\" data-element_type=\"section\" data-e-type=\"section\" data-settings=\"{&quot;background_background&quot;:&quot;classic&quot;}\">\n\t\t\t\t\t\t<div class=\"elementor-container elementor-column-gap-default\">\n\t\t\t\t\t<div class=\"elementor-column elementor-col-100 elementor-top-column elementor-element elementor-element-41574aa\" data-id=\"41574aa\" data-element_type=\"column\" data-e-type=\"column\">\n\t\t\t<div class=\"elementor-widget-wrap elementor-element-populated\">\n\t\t\t\t\t\t<div class=\"elementor-element elementor-element-8799288 elementor-widget elementor-widget-spacer\" data-id=\"8799288\" data-element_type=\"widget\" data-e-type=\"widget\" data-widget_type=\"spacer.default\">\n\t\t\t\t<div class=\"elementor-widget-container\">\n\t\t\t\t\t\t\t<div class=\"elementor-spacer\">\n\t\t\t<div class=\"elementor-spacer-inner\"><\/div>\n\t\t<\/div>\n\t\t\t\t\t\t<\/div>\n\t\t\t\t<\/div>\n\t\t\t\t<div class=\"elementor-element elementor-element-0324e66 elementor-widget elementor-widget-heading\" data-id=\"0324e66\" data-element_type=\"widget\" data-e-type=\"widget\" data-widget_type=\"heading.default\">\n\t\t\t\t<div class=\"elementor-widget-container\">\n\t\t\t\t\t<h2 class=\"elementor-heading-title elementor-size-default\">Folgende Leistungen sind inbegriffen: <\/h2>\t\t\t\t<\/div>\n\t\t\t\t<\/div>\n\t\t\t\t<section class=\"elementor-section elementor-inner-section elementor-element elementor-element-1d43802 elementor-section-full_width elementor-section-height-default elementor-section-height-default\" data-id=\"1d43802\" data-element_type=\"section\" data-e-type=\"section\">\n\t\t\t\t\t\t<div class=\"elementor-container elementor-column-gap-default\">\n\t\t\t\t\t<div class=\"elementor-column elementor-col-50 elementor-inner-column elementor-element elementor-element-0d3c40a\" data-id=\"0d3c40a\" data-element_type=\"column\" data-e-type=\"column\">\n\t\t\t<div class=\"elementor-widget-wrap elementor-element-populated\">\n\t\t\t\t\t\t<div class=\"elementor-element elementor-element-50cce48 e-transform elementor-widget elementor-widget-image\" data-id=\"50cce48\" data-element_type=\"widget\" data-e-type=\"widget\" data-settings=\"{&quot;_transform_scale_effect&quot;:{&quot;unit&quot;:&quot;px&quot;,&quot;size&quot;:1,&quot;sizes&quot;:[]},&quot;_transform_scale_effect_tablet&quot;:{&quot;unit&quot;:&quot;px&quot;,&quot;size&quot;:&quot;&quot;,&quot;sizes&quot;:[]},&quot;_transform_scale_effect_mobile&quot;:{&quot;unit&quot;:&quot;px&quot;,&quot;size&quot;:&quot;&quot;,&quot;sizes&quot;:[]}}\" data-widget_type=\"image.default\">\n\t\t\t\t<div class=\"elementor-widget-container\">\n\t\t\t\t\t\t\t\t\t\t\t\t\t\t\t<img fetchpriority=\"high\" decoding=\"async\" width=\"683\" height=\"1024\" src=\"https:\/\/studiowedded.com\/wp-content\/uploads\/2025\/10\/IMG_1985_KaaraStories-1-683x1024.jpg\" class=\"attachment-large size-large wp-image-3908\" alt=\"\" srcset=\"https:\/\/studiowedded.com\/wp-content\/uploads\/2025\/10\/IMG_1985_KaaraStories-1-683x1024.jpg 683w, https:\/\/studiowedded.com\/wp-content\/uploads\/2025\/10\/IMG_1985_KaaraStories-1-200x300.jpg 200w, https:\/\/studiowedded.com\/wp-content\/uploads\/2025\/10\/IMG_1985_KaaraStories-1-768x1152.jpg 768w, https:\/\/studiowedded.com\/wp-content\/uploads\/2025\/10\/IMG_1985_KaaraStories-1-1024x1536.jpg 1024w, https:\/\/studiowedded.com\/wp-content\/uploads\/2025\/10\/IMG_1985_KaaraStories-1-1365x2048.jpg 1365w, https:\/\/studiowedded.com\/wp-content\/uploads\/2025\/10\/IMG_1985_KaaraStories-1-scaled.jpg 1707w\" sizes=\"(max-width: 683px) 100vw, 683px\" \/>\t\t\t\t\t\t\t\t\t\t\t\t\t\t\t<\/div>\n\t\t\t\t<\/div>\n\t\t\t\t\t<\/div>\n\t\t<\/div>\n\t\t\t\t<div class=\"elementor-column elementor-col-50 elementor-inner-column elementor-element elementor-element-93d7ed9\" data-id=\"93d7ed9\" data-element_type=\"column\" data-e-type=\"column\">\n\t\t\t<div class=\"elementor-widget-wrap elementor-element-populated\">\n\t\t\t\t\t\t<div class=\"elementor-element elementor-element-78b4b37 elementor-widget elementor-widget-text-editor\" data-id=\"78b4b37\" data-element_type=\"widget\" data-e-type=\"widget\" data-widget_type=\"text-editor.default\">\n\t\t\t\t<div class=\"elementor-widget-container\">\n\t\t\t\t\t\t\t\t\t<ul><li data-start=\"1051\" data-end=\"1133\"><strong data-start=\"1051\" data-end=\"1074\">Kostenfreies Beratungsgespr\u00e4ch<\/strong><\/li><li data-start=\"1051\" data-end=\"1133\"><strong data-start=\"1136\" data-end=\"1165\">Moodboards &amp; Farbkonzept:<\/strong> Entwicklung eines individuellen Stil- und Farbkonzepts auf Basis eurer W\u00fcnsche und Location<\/li><li data-start=\"1051\" data-end=\"1133\"><strong data-start=\"1262\" data-end=\"1281\">Design Booklet:<\/strong> Erstellung eines umfassenden Design-Guides mit digitalen Visualisierungen, Materialvorschl\u00e4gen und Detailbeschreibungen<\/li><li data-start=\"1051\" data-end=\"1133\"><strong data-start=\"1406\" data-end=\"1442\">Floristik- &amp; Dekorationskonzept:<\/strong> Gestaltungsvorschl\u00e4ge f\u00fcr Blumenarrangements, Tischdeko, Mobiliar und Stylingelemente<\/li><li data-start=\"1051\" data-end=\"1133\"><strong data-start=\"1533\" data-end=\"1566\">Papeterie- &amp; Branding-Design:<\/strong> Abstimmung von Einladung, Men\u00fc, Beschilderung und weiteren Designelementen auf das Gesamtkonzept<\/li><li data-start=\"1051\" data-end=\"1133\"><strong data-start=\"1668\" data-end=\"1696\">Raum- &amp; Lichtgestaltung:<\/strong> Empfehlungen zur r\u00e4umlichen Inszenierung und Beleuchtung f\u00fcr maximale Wirkung<\/li><li data-start=\"1051\" data-end=\"1133\"><strong data-start=\"1779\" data-end=\"1806\">Dienstleister-Briefing:<\/strong> \u00dcbergabe aller Designunterlagen f\u00fcr die reibungslose Umsetzung durch Floristen, Stylisten und Dekorateure<\/li><\/ul>\t\t\t\t\t\t\t\t<\/div>\n\t\t\t\t<\/div>\n\t\t\t\t\t<\/div>\n\t\t<\/div>\n\t\t\t\t\t<\/div>\n\t\t<\/section>\n\t\t\t\t<div class=\"elementor-element elementor-element-a360509 elementor-widget elementor-widget-spacer\" data-id=\"a360509\" data-element_type=\"widget\" data-e-type=\"widget\" data-widget_type=\"spacer.default\">\n\t\t\t\t<div class=\"elementor-widget-container\">\n\t\t\t\t\t\t\t<div class=\"elementor-spacer\">\n\t\t\t<div class=\"elementor-spacer-inner\"><\/div>\n\t\t<\/div>\n\t\t\t\t\t\t<\/div>\n\t\t\t\t<\/div>\n\t\t\t\t\t<\/div>\n\t\t<\/div>\n\t\t\t\t\t<\/div>\n\t\t<\/section>\n\t\t<div class=\"elementor-element elementor-element-eaf03e1 e-con-full e-flex e-con e-parent\" data-id=\"eaf03e1\" data-element_type=\"container\" data-e-type=\"container\" data-settings=\"{&quot;background_background&quot;:&quot;classic&quot;}\">\n\t\t<div class=\"elementor-element elementor-element-9775383 e-con-full e-flex e-con e-child\" data-id=\"9775383\" data-element_type=\"container\" data-e-type=\"container\" data-settings=\"{&quot;background_background&quot;:&quot;classic&quot;}\">\n\t\t\t\t<div class=\"elementor-element elementor-element-5f7e084 elementor-widget elementor-widget-heading\" data-id=\"5f7e084\" data-element_type=\"widget\" data-e-type=\"widget\" data-widget_type=\"heading.default\">\n\t\t\t\t<div class=\"elementor-widget-container\">\n\t\t\t\t\t<h1 class=\"elementor-heading-title elementor-size-default\">Seid ihr bereit f\u00fcr euer Design Konzept?<\/h1>\t\t\t\t<\/div>\n\t\t\t\t<\/div>\n\t\t\t\t<div class=\"elementor-element elementor-element-fa450c6 elementor-widget elementor-widget-spacer\" data-id=\"fa450c6\" data-element_type=\"widget\" data-e-type=\"widget\" data-widget_type=\"spacer.default\">\n\t\t\t\t<div class=\"elementor-widget-container\">\n\t\t\t\t\t\t\t<div class=\"elementor-spacer\">\n\t\t\t<div class=\"elementor-spacer-inner\"><\/div>\n\t\t<\/div>\n\t\t\t\t\t\t<\/div>\n\t\t\t\t<\/div>\n\t\t\t\t<div class=\"elementor-element elementor-element-2fbe3f1 elementor-widget elementor-widget-text-editor\" data-id=\"2fbe3f1\" data-element_type=\"widget\" data-e-type=\"widget\" data-widget_type=\"text-editor.default\">\n\t\t\t\t<div class=\"elementor-widget-container\">\n\t\t\t\t\t\t\t\t\t<p data-start=\"279\" data-end=\"558\">Ich freue mich darauf, mehr \u00fcber euch, eure Vision und eure W\u00fcnsche zu erfahren und gemeinsam herauszufinden, ob wir eure Hochzeit zu etwas ganz Besonderem machen d\u00fcrfen.<\/p><p data-start=\"279\" data-end=\"558\">Bis bald,\u00a0<\/p>\t\t\t\t\t\t\t\t<\/div>\n\t\t\t\t<\/div>\n\t\t\t\t<div class=\"elementor-element elementor-element-d0008e0 elementor-widget elementor-widget-text-editor\" data-id=\"d0008e0\" data-element_type=\"widget\" data-e-type=\"widget\" data-widget_type=\"text-editor.default\">\n\t\t\t\t<div class=\"elementor-widget-container\">\n\t\t\t\t\t\t\t\t\t<p>Jennifer<\/p>\t\t\t\t\t\t\t\t<\/div>\n\t\t\t\t<\/div>\n\t\t\t\t<div class=\"elementor-element elementor-element-db345c4 elementor-widget elementor-widget-spacer\" data-id=\"db345c4\" data-element_type=\"widget\" data-e-type=\"widget\" data-widget_type=\"spacer.default\">\n\t\t\t\t<div class=\"elementor-widget-container\">\n\t\t\t\t\t\t\t<div class=\"elementor-spacer\">\n\t\t\t<div class=\"elementor-spacer-inner\"><\/div>\n\t\t<\/div>\n\t\t\t\t\t\t<\/div>\n\t\t\t\t<\/div>\n\t\t\t\t<div class=\"elementor-element elementor-element-685c22c elementor-align-left animated-slow elementor-widget elementor-widget-button\" data-id=\"685c22c\" data-element_type=\"widget\" data-e-type=\"widget\" data-settings=\"{&quot;_animation&quot;:&quot;none&quot;,&quot;_animation_tablet&quot;:&quot;fadeIn&quot;,&quot;_animation_mobile&quot;:&quot;fadeIn&quot;}\" data-widget_type=\"button.default\">\n\t\t\t\t<div class=\"elementor-widget-container\">\n\t\t\t\t\t\t\t\t\t<div class=\"elementor-button-wrapper\">\n\t\t\t\t\t<a class=\"elementor-button elementor-button-link elementor-size-sm\" href=\"https:\/\/studiowedded.com\/contact\/\">\n\t\t\t\t\t\t<span class=\"elementor-button-content-wrapper\">\n\t\t\t\t\t\t\t\t\t<span class=\"elementor-button-text\">ZUM KOSTENFREIEN BERATUNGSGESPR\u00c4CH<\/span>\n\t\t\t\t\t<\/span>\n\t\t\t\t\t<\/a>\n\t\t\t\t<\/div>\n\t\t\t\t\t\t\t\t<\/div>\n\t\t\t\t<\/div>\n\t\t\t\t<\/div>\n\t\t<div class=\"elementor-element elementor-element-fde28c9 e-con-full e-flex e-con e-child\" data-id=\"fde28c9\" data-element_type=\"container\" data-e-type=\"container\">\n\t\t\t\t<div class=\"elementor-element elementor-element-3260854 elementor-widget elementor-widget-image\" data-id=\"3260854\" data-element_type=\"widget\" data-e-type=\"widget\" data-widget_type=\"image.default\">\n\t\t\t\t<div class=\"elementor-widget-container\">\n\t\t\t\t\t\t\t\t\t\t\t\t\t\t\t<img decoding=\"async\" width=\"1366\" height=\"2048\" src=\"https:\/\/studiowedded.com\/wp-content\/uploads\/2025\/11\/Gretchen-Fotografie_3122_websize.jpg\" class=\"attachment-full size-full wp-image-4436\" alt=\"\" srcset=\"https:\/\/studiowedded.com\/wp-content\/uploads\/2025\/11\/Gretchen-Fotografie_3122_websize.jpg 1366w, https:\/\/studiowedded.com\/wp-content\/uploads\/2025\/11\/Gretchen-Fotografie_3122_websize-200x300.jpg 200w, https:\/\/studiowedded.com\/wp-content\/uploads\/2025\/11\/Gretchen-Fotografie_3122_websize-683x1024.jpg 683w, https:\/\/studiowedded.com\/wp-content\/uploads\/2025\/11\/Gretchen-Fotografie_3122_websize-768x1151.jpg 768w, https:\/\/studiowedded.com\/wp-content\/uploads\/2025\/11\/Gretchen-Fotografie_3122_websize-1025x1536.jpg 1025w\" sizes=\"(max-width: 1366px) 100vw, 1366px\" \/>\t\t\t\t\t\t\t\t\t\t\t\t\t\t\t<\/div>\n\t\t\t\t<\/div>\n\t\t\t\t<\/div>\n\t\t\t\t<\/div>\n\t\t\t\t<\/div>\n\t\t","protected":false},"excerpt":{"rendered":"<p>DIE DESIGN KONZEPTION F\u00fcr Paare, die sich ein stimmiges, unverwechselbares Hochzeitsdesign w\u00fcnschen ZUM KOSTENFREIEN BERATUNGSGESPR\u00c4CH STUDIO WEDDED \u201eGood design tells a story \u2014 great design makes you feel it.\u201c Ihr habt eure Location bereits gefunden und m\u00f6chtet eure Hochzeit gestalterisch auf das n\u00e4chste Level bringen?Ich entwickle ein ma\u00dfgeschneidertes Designkonzept, das eure Pers\u00f6nlichkeit, euren Stil und [&hellip;]<\/p>\n","protected":false},"author":1,"featured_media":0,"parent":0,"menu_order":0,"comment_status":"closed","ping_status":"closed","template":"","meta":{"footnotes":""},"class_list":["post-504","page","type-page","status-publish","hentry"],"_links":{"self":[{"href":"https:\/\/studiowedded.com\/en\/wp-json\/wp\/v2\/pages\/504","targetHints":{"allow":["GET"]}}],"collection":[{"href":"https:\/\/studiowedded.com\/en\/wp-json\/wp\/v2\/pages"}],"about":[{"href":"https:\/\/studiowedded.com\/en\/wp-json\/wp\/v2\/types\/page"}],"author":[{"embeddable":true,"href":"https:\/\/studiowedded.com\/en\/wp-json\/wp\/v2\/users\/1"}],"replies":[{"embeddable":true,"href":"https:\/\/studiowedded.com\/en\/wp-json\/wp\/v2\/comments?post=504"}],"version-history":[{"count":160,"href":"https:\/\/studiowedded.com\/en\/wp-json\/wp\/v2\/pages\/504\/revisions"}],"predecessor-version":[{"id":4838,"href":"https:\/\/studiowedded.com\/en\/wp-json\/wp\/v2\/pages\/504\/revisions\/4838"}],"wp:attachment":[{"href":"https:\/\/studiowedded.com\/en\/wp-json\/wp\/v2\/media?parent=504"}],"curies":[{"name":"wp","href":"https:\/\/api.w.org\/{rel}","templated":true}]}}