{"id":502,"date":"2023-06-26T06:37:07","date_gmt":"2023-06-26T04:37:07","guid":{"rendered":"https:\/\/studiowedded.com\/?page_id=502"},"modified":"2026-04-15T16:02:24","modified_gmt":"2026-04-15T14:02:24","slug":"full-service-planning","status":"publish","type":"page","link":"https:\/\/studiowedded.com\/en\/komplettplanung\/","title":{"rendered":"Full-Service Planning"},"content":{"rendered":"\t\t<div data-elementor-type=\"wp-page\" data-elementor-id=\"502\" class=\"elementor elementor-502\" data-elementor-post-type=\"page\">\n\t\t\t\t<div class=\"elementor-element elementor-element-455a3b8 e-con-full e-flex e-con e-parent\" data-id=\"455a3b8\" data-element_type=\"container\" data-e-type=\"container\" data-settings=\"{&quot;background_background&quot;:&quot;classic&quot;,&quot;background_motion_fx_range&quot;:&quot;viewport&quot;,&quot;background_motion_fx_motion_fx_mouse&quot;:&quot;yes&quot;,&quot;background_motion_fx_motion_fx_scrolling&quot;:&quot;yes&quot;,&quot;background_motion_fx_scale_effect&quot;:&quot;yes&quot;,&quot;background_motion_fx_scale_range&quot;:{&quot;unit&quot;:&quot;%&quot;,&quot;size&quot;:&quot;&quot;,&quot;sizes&quot;:{&quot;start&quot;:10,&quot;end&quot;:80}},&quot;motion_fx_motion_fx_scrolling&quot;:&quot;yes&quot;,&quot;motion_fx_scale_effect&quot;:&quot;yes&quot;,&quot;background_motion_fx_scale_direction&quot;:&quot;out-in&quot;,&quot;background_motion_fx_scale_speed&quot;:{&quot;unit&quot;:&quot;px&quot;,&quot;size&quot;:4,&quot;sizes&quot;:[]},&quot;background_motion_fx_devices&quot;:[&quot;desktop&quot;,&quot;tablet&quot;,&quot;mobile&quot;],&quot;motion_fx_scale_direction&quot;:&quot;out-in&quot;,&quot;motion_fx_scale_speed&quot;:{&quot;unit&quot;:&quot;px&quot;,&quot;size&quot;:4,&quot;sizes&quot;:[]},&quot;motion_fx_scale_range&quot;:{&quot;unit&quot;:&quot;%&quot;,&quot;size&quot;:&quot;&quot;,&quot;sizes&quot;:{&quot;start&quot;:20,&quot;end&quot;:80}},&quot;motion_fx_devices&quot;:[&quot;desktop&quot;,&quot;tablet&quot;,&quot;mobile&quot;]}\">\n\t\t<div class=\"elementor-element elementor-element-fc79ec9 e-con-full e-flex e-con e-child\" data-id=\"fc79ec9\" data-element_type=\"container\" data-e-type=\"container\">\n\t\t<div class=\"elementor-element elementor-element-b0e8a01 e-con-full e-flex e-con e-child\" data-id=\"b0e8a01\" data-element_type=\"container\" data-e-type=\"container\" data-settings=\"{&quot;motion_fx_motion_fx_scrolling&quot;:&quot;yes&quot;,&quot;motion_fx_translateY_effect&quot;:&quot;yes&quot;,&quot;motion_fx_translateY_speed&quot;:{&quot;unit&quot;:&quot;px&quot;,&quot;size&quot;:4,&quot;sizes&quot;:[]},&quot;motion_fx_translateY_affectedRange&quot;:{&quot;unit&quot;:&quot;%&quot;,&quot;size&quot;:&quot;&quot;,&quot;sizes&quot;:{&quot;start&quot;:0,&quot;end&quot;:100}},&quot;motion_fx_devices&quot;:[&quot;desktop&quot;,&quot;tablet&quot;,&quot;mobile&quot;]}\">\n\t\t<div class=\"elementor-element elementor-element-42709a1 e-con-full e-flex e-con e-child\" data-id=\"42709a1\" data-element_type=\"container\" data-e-type=\"container\">\n\t\t\t\t<div class=\"elementor-element elementor-element-c84a650 elementor-widget__width-initial elementor-widget elementor-widget-heading\" data-id=\"c84a650\" data-element_type=\"widget\" data-e-type=\"widget\" data-widget_type=\"heading.default\">\n\t\t\t\t<div class=\"elementor-widget-container\">\n\t\t\t\t\t<h1 class=\"elementor-heading-title elementor-size-default\">DIE KOMPLETTPLANUNG<\/h1>\t\t\t\t<\/div>\n\t\t\t\t<\/div>\n\t\t\t\t<div class=\"elementor-element elementor-element-59540e0 elementor-widget elementor-widget-text-editor\" data-id=\"59540e0\" data-element_type=\"widget\" data-e-type=\"widget\" data-widget_type=\"text-editor.default\">\n\t\t\t\t<div class=\"elementor-widget-container\">\n\t\t\t\t\t\t\t\t\t<p>F\u00fcr erfolgreiche Paare mit wenig Zeit und hohen Anspr\u00fcchen<\/p>\t\t\t\t\t\t\t\t<\/div>\n\t\t\t\t<\/div>\n\t\t\t\t<div class=\"elementor-element elementor-element-e4e1c04 elementor-align-center elementor-widget elementor-widget-button\" data-id=\"e4e1c04\" data-element_type=\"widget\" data-e-type=\"widget\" data-widget_type=\"button.default\">\n\t\t\t\t<div class=\"elementor-widget-container\">\n\t\t\t\t\t\t\t\t\t<div class=\"elementor-button-wrapper\">\n\t\t\t\t\t<a class=\"elementor-button elementor-button-link elementor-size-sm\" href=\"https:\/\/studiowedded.com\/contact\/\">\n\t\t\t\t\t\t<span class=\"elementor-button-content-wrapper\">\n\t\t\t\t\t\t\t\t\t<span class=\"elementor-button-text\">ZUM KOSTENFREIEN BERATUNGSGESPR\u00c4CH<\/span>\n\t\t\t\t\t<\/span>\n\t\t\t\t\t<\/a>\n\t\t\t\t<\/div>\n\t\t\t\t\t\t\t\t<\/div>\n\t\t\t\t<\/div>\n\t\t\t\t<\/div>\n\t\t\t\t<\/div>\n\t\t\t\t<\/div>\n\t\t\t\t<\/div>\n\t\t<div class=\"elementor-element elementor-element-081371a e-con-full e-flex e-con e-parent\" data-id=\"081371a\" data-element_type=\"container\" data-e-type=\"container\">\n\t\t<div class=\"elementor-element elementor-element-d1b4231 e-con-full e-flex e-con e-child\" data-id=\"d1b4231\" data-element_type=\"container\" data-e-type=\"container\" data-settings=\"{&quot;background_background&quot;:&quot;classic&quot;}\">\n\t\t<div class=\"elementor-element elementor-element-0953f5a e-con-full e-flex e-con e-child\" data-id=\"0953f5a\" data-element_type=\"container\" data-e-type=\"container\">\n\t\t\t\t<div class=\"elementor-element elementor-element-3c7b51c elementor-widget elementor-widget-heading\" data-id=\"3c7b51c\" data-element_type=\"widget\" data-e-type=\"widget\" data-widget_type=\"heading.default\">\n\t\t\t\t<div class=\"elementor-widget-container\">\n\t\t\t\t\t<h2 class=\"elementor-heading-title elementor-size-default\">STUDIO WEDDED<\/h2>\t\t\t\t<\/div>\n\t\t\t\t<\/div>\n\t\t\t\t<div class=\"elementor-element elementor-element-58ff88d animated-slow elementor-widget__width-inherit elementor-widget-mobile__width-inherit elementor-widget elementor-widget-heading\" data-id=\"58ff88d\" data-element_type=\"widget\" data-e-type=\"widget\" data-settings=\"{&quot;_animation&quot;:&quot;none&quot;,&quot;_animation_tablet&quot;:&quot;fadeIn&quot;,&quot;_animation_mobile&quot;:&quot;fadeIn&quot;}\" data-widget_type=\"heading.default\">\n\t\t\t\t<div class=\"elementor-widget-container\">\n\t\t\t\t\t<h3 class=\"elementor-heading-title elementor-size-default\">\u201eEffortless design begins with thoughtful planning.\u201c<\/h3>\t\t\t\t<\/div>\n\t\t\t\t<\/div>\n\t\t\t\t<div class=\"elementor-element elementor-element-042c96c elementor-widget__width-inherit elementor-widget elementor-widget-text-editor\" data-id=\"042c96c\" data-element_type=\"widget\" data-e-type=\"widget\" data-widget_type=\"text-editor.default\">\n\t\t\t\t<div class=\"elementor-widget-container\">\n\t\t\t\t\t\t\t\t\t<blockquote><p data-start=\"316\" data-end=\"620\">Ihr w\u00fcnscht euch eine Hochzeit, die sich m\u00fchelos anf\u00fchlt \u2013 durchdacht, \u00e4sthetisch und mit einer klaren Linie von Anfang bis Ende?<br data-start=\"445\" data-end=\"448\" \/>Ich begleite euch ganzheitlich durch den gesamten Planungsprozess und gestalte Erlebnisse, die eure Geschichte authentisch widerspiegeln und in jedem Detail sp\u00fcrbar werden.<\/p><p data-start=\"622\" data-end=\"875\">Von der ersten Idee \u00fcber die Auswahl der passenden Location und Dienstleister:innen bis hin zum Designkonzept, Budgetmanagement und der Koordination am Tag selbst \u2013 ich \u00fcbernehme alle Schritte und sorge f\u00fcr Struktur, Ruhe und \u00c4sthetik in jedem Moment.<\/p><p data-start=\"877\" data-end=\"1020\">So entsteht eine Hochzeit, die nicht nur perfekt organisiert ist, sondern sich auch genau so anf\u00fchlt: pers\u00f6nlich, stilvoll und unvergesslich.<\/p><\/blockquote>\t\t\t\t\t\t\t\t<\/div>\n\t\t\t\t<\/div>\n\t\t\t\t<div class=\"elementor-element elementor-element-8ddfe63 elementor-align-center animated-slow elementor-widget elementor-widget-button\" data-id=\"8ddfe63\" data-element_type=\"widget\" data-e-type=\"widget\" data-settings=\"{&quot;_animation&quot;:&quot;none&quot;,&quot;_animation_tablet&quot;:&quot;fadeIn&quot;,&quot;_animation_mobile&quot;:&quot;fadeIn&quot;}\" data-widget_type=\"button.default\">\n\t\t\t\t<div class=\"elementor-widget-container\">\n\t\t\t\t\t\t\t\t\t<div class=\"elementor-button-wrapper\">\n\t\t\t\t\t<a class=\"elementor-button elementor-button-link elementor-size-sm\" href=\"https:\/\/studiowedded.com\/contact\/\">\n\t\t\t\t\t\t<span class=\"elementor-button-content-wrapper\">\n\t\t\t\t\t\t\t\t\t<span class=\"elementor-button-text\">ZUM KOSTENFREIEN BERATUNGSGESPR\u00c4CH<\/span>\n\t\t\t\t\t<\/span>\n\t\t\t\t\t<\/a>\n\t\t\t\t<\/div>\n\t\t\t\t\t\t\t\t<\/div>\n\t\t\t\t<\/div>\n\t\t\t\t<div class=\"elementor-element elementor-element-c3ed81b elementor-widget elementor-widget-spacer\" data-id=\"c3ed81b\" data-element_type=\"widget\" data-e-type=\"widget\" data-widget_type=\"spacer.default\">\n\t\t\t\t<div class=\"elementor-widget-container\">\n\t\t\t\t\t\t\t<div class=\"elementor-spacer\">\n\t\t\t<div class=\"elementor-spacer-inner\"><\/div>\n\t\t<\/div>\n\t\t\t\t\t\t<\/div>\n\t\t\t\t<\/div>\n\t\t\t\t<\/div>\n\t\t\t\t<\/div>\n\t\t\t\t<\/div>\n\t\t\t\t<section class=\"elementor-section elementor-top-section elementor-element elementor-element-58492bc elementor-section-full_width elementor-section-height-default elementor-section-height-default\" data-id=\"58492bc\" data-element_type=\"section\" data-e-type=\"section\" data-settings=\"{&quot;background_background&quot;:&quot;classic&quot;}\">\n\t\t\t\t\t\t<div class=\"elementor-container elementor-column-gap-default\">\n\t\t\t\t\t<div class=\"elementor-column elementor-col-100 elementor-top-column elementor-element elementor-element-cd02662\" data-id=\"cd02662\" data-element_type=\"column\" data-e-type=\"column\">\n\t\t\t<div class=\"elementor-widget-wrap elementor-element-populated\">\n\t\t\t\t\t\t<div class=\"elementor-element elementor-element-974d72c elementor-widget elementor-widget-spacer\" data-id=\"974d72c\" data-element_type=\"widget\" data-e-type=\"widget\" data-widget_type=\"spacer.default\">\n\t\t\t\t<div class=\"elementor-widget-container\">\n\t\t\t\t\t\t\t<div class=\"elementor-spacer\">\n\t\t\t<div class=\"elementor-spacer-inner\"><\/div>\n\t\t<\/div>\n\t\t\t\t\t\t<\/div>\n\t\t\t\t<\/div>\n\t\t\t\t<div class=\"elementor-element elementor-element-8cf3539 elementor-widget elementor-widget-heading\" data-id=\"8cf3539\" data-element_type=\"widget\" data-e-type=\"widget\" data-widget_type=\"heading.default\">\n\t\t\t\t<div class=\"elementor-widget-container\">\n\t\t\t\t\t<h2 class=\"elementor-heading-title elementor-size-default\"><p data-pm-slice=\"1 1 []\"><strong>So machen wir Eure Hochzeitsplanung unvergesslich<\/strong><span style=\"letter-spacing: 0px\"><\/span><\/p><\/h2>\t\t\t\t<\/div>\n\t\t\t\t<\/div>\n\t\t\t\t<section class=\"elementor-section elementor-inner-section elementor-element elementor-element-c194060 elementor-section-full_width elementor-section-height-default elementor-section-height-default\" data-id=\"c194060\" data-element_type=\"section\" data-e-type=\"section\">\n\t\t\t\t\t\t<div class=\"elementor-container elementor-column-gap-default\">\n\t\t\t\t\t<div class=\"elementor-column elementor-col-50 elementor-inner-column elementor-element elementor-element-a2b089b\" data-id=\"a2b089b\" data-element_type=\"column\" data-e-type=\"column\">\n\t\t\t<div class=\"elementor-widget-wrap elementor-element-populated\">\n\t\t\t\t\t\t<div class=\"elementor-element elementor-element-20b9d89 e-transform elementor-widget elementor-widget-image\" data-id=\"20b9d89\" data-element_type=\"widget\" data-e-type=\"widget\" data-settings=\"{&quot;_transform_scale_effect&quot;:{&quot;unit&quot;:&quot;px&quot;,&quot;size&quot;:1,&quot;sizes&quot;:[]},&quot;_transform_scale_effect_tablet&quot;:{&quot;unit&quot;:&quot;px&quot;,&quot;size&quot;:&quot;&quot;,&quot;sizes&quot;:[]},&quot;_transform_scale_effect_mobile&quot;:{&quot;unit&quot;:&quot;px&quot;,&quot;size&quot;:&quot;&quot;,&quot;sizes&quot;:[]}}\" data-widget_type=\"image.default\">\n\t\t\t\t<div class=\"elementor-widget-container\">\n\t\t\t\t\t\t\t\t\t\t\t\t\t\t\t<img fetchpriority=\"high\" decoding=\"async\" width=\"683\" height=\"1024\" src=\"https:\/\/studiowedded.com\/wp-content\/uploads\/2025\/12\/Gretchen-Fotografie_0186-683x1024.jpg\" class=\"attachment-large size-large wp-image-4655\" alt=\"Braut beim Getting Ready auf dem Gut Bliestorf, Hochzeit Studio Wedded\" srcset=\"https:\/\/studiowedded.com\/wp-content\/uploads\/2025\/12\/Gretchen-Fotografie_0186-683x1024.jpg 683w, https:\/\/studiowedded.com\/wp-content\/uploads\/2025\/12\/Gretchen-Fotografie_0186-200x300.jpg 200w, https:\/\/studiowedded.com\/wp-content\/uploads\/2025\/12\/Gretchen-Fotografie_0186-768x1152.jpg 768w, https:\/\/studiowedded.com\/wp-content\/uploads\/2025\/12\/Gretchen-Fotografie_0186-1024x1536.jpg 1024w, https:\/\/studiowedded.com\/wp-content\/uploads\/2025\/12\/Gretchen-Fotografie_0186-1366x2048.jpg 1366w, https:\/\/studiowedded.com\/wp-content\/uploads\/2025\/12\/Gretchen-Fotografie_0186-8x12.jpg 8w, https:\/\/studiowedded.com\/wp-content\/uploads\/2025\/12\/Gretchen-Fotografie_0186-scaled.jpg 1707w\" sizes=\"(max-width: 683px) 100vw, 683px\" \/>\t\t\t\t\t\t\t\t\t\t\t\t\t\t\t<\/div>\n\t\t\t\t<\/div>\n\t\t\t\t\t<\/div>\n\t\t<\/div>\n\t\t\t\t<div class=\"elementor-column elementor-col-50 elementor-inner-column elementor-element elementor-element-583121c\" data-id=\"583121c\" data-element_type=\"column\" data-e-type=\"column\">\n\t\t\t<div class=\"elementor-widget-wrap elementor-element-populated\">\n\t\t\t\t\t\t<div class=\"elementor-element elementor-element-caaa8db elementor-widget elementor-widget-text-editor\" data-id=\"caaa8db\" data-element_type=\"widget\" data-e-type=\"widget\" data-widget_type=\"text-editor.default\">\n\t\t\t\t<div class=\"elementor-widget-container\">\n\t\t\t\t\t\t\t\t\t<ul><li><strong>Kostenfreies Beratungsgespr\u00e4ch<\/strong><\/li><li><strong>Full-Service-Planung: <\/strong>Planung, Produktion und Koordination der gesamten Veranstaltung von A -Z<\/li><li><strong>Location-Management: <\/strong>Location-Recherche, Location-Besichtigungen und detaillierte Planungsmeetings<\/li><li><strong>Dienstleister-Management: <\/strong>Auswahl, Pr\u00e4sentation und Verhandlungen mit geeigneten Dienstleister:innen. Von Fotografie bis DJ<\/li><li><strong>Dienstleister-Kommunikation: <\/strong>Kommunikation und Koordination der Dienstleister:innen vor und w\u00e4hrend der Hochzeit<\/li><li><strong>Budgetplanung:<\/strong> Entwicklung und Monitoring des Budgetplans<\/li><li><strong>Eventdesign:<\/strong> Entwicklung eines Design-Konzeptes und Design-Booklets inklusive Moodboards und digitalen Mock-Ups zur Visualisierung des roten Fadens der Veranstaltung und Briefing aller Dienstleister:innen<\/li><li><strong>Ablaufplanung: <\/strong>Erstellung von Ablaufpl\u00e4nen<\/li><li><strong>G\u00e4stemanagement:<\/strong> Verwaltung der G\u00e4steliste und Sitzplan<\/li><li><strong>Koordination Hochzeitstag:<\/strong> Koordination der Veranstaltung am Hochzeitstag sowie Begleitung und \u00dcberwachung des Aufbaus und Abbaus<\/li><li><strong>Logistik-Management:<\/strong> Koordinierung der gesamten Logistik und Kommunikation mit Lieferanten<\/li><li><strong>Kostenfreie Planungssoftware<\/strong> f\u00fcr die Zusammenarbeit w\u00e4hrend der Planung inklusive Wedding Website und Hotelbuchungsplattform<\/li><\/ul>\t\t\t\t\t\t\t\t<\/div>\n\t\t\t\t<\/div>\n\t\t\t\t\t<\/div>\n\t\t<\/div>\n\t\t\t\t\t<\/div>\n\t\t<\/section>\n\t\t\t\t<div class=\"elementor-element elementor-element-52e0254 elementor-widget elementor-widget-spacer\" data-id=\"52e0254\" data-element_type=\"widget\" data-e-type=\"widget\" data-widget_type=\"spacer.default\">\n\t\t\t\t<div class=\"elementor-widget-container\">\n\t\t\t\t\t\t\t<div class=\"elementor-spacer\">\n\t\t\t<div class=\"elementor-spacer-inner\"><\/div>\n\t\t<\/div>\n\t\t\t\t\t\t<\/div>\n\t\t\t\t<\/div>\n\t\t\t\t\t<\/div>\n\t\t<\/div>\n\t\t\t\t\t<\/div>\n\t\t<\/section>\n\t\t<div class=\"elementor-element elementor-element-ed0b4f3 e-flex e-con-boxed e-con e-parent\" data-id=\"ed0b4f3\" data-element_type=\"container\" data-e-type=\"container\">\n\t\t\t\t\t<div class=\"e-con-inner\">\n\t\t<div class=\"elementor-element elementor-element-87d7243 e-con-full e-flex e-con e-child\" data-id=\"87d7243\" data-element_type=\"container\" data-e-type=\"container\">\n\t\t\t\t<\/div>\n\t\t<div class=\"elementor-element elementor-element-1b7e7cf e-con-full e-flex e-con e-child\" data-id=\"1b7e7cf\" data-element_type=\"container\" data-e-type=\"container\">\n\t\t\t\t<\/div>\n\t\t\t\t\t<\/div>\n\t\t\t\t<\/div>\n\t\t\t\t<section class=\"elementor-section elementor-top-section elementor-element elementor-element-958b7fc elementor-section-boxed elementor-section-height-default elementor-section-height-default\" data-id=\"958b7fc\" data-element_type=\"section\" data-e-type=\"section\">\n\t\t\t\t\t\t<div class=\"elementor-container elementor-column-gap-default\">\n\t\t\t\t\t<div class=\"elementor-column elementor-col-100 elementor-top-column elementor-element elementor-element-619575f\" data-id=\"619575f\" data-element_type=\"column\" data-e-type=\"column\">\n\t\t\t<div class=\"elementor-widget-wrap elementor-element-populated\">\n\t\t\t\t\t\t<div class=\"elementor-element elementor-element-54da69e elementor-widget elementor-widget-spacer\" data-id=\"54da69e\" data-element_type=\"widget\" data-e-type=\"widget\" data-widget_type=\"spacer.default\">\n\t\t\t\t<div class=\"elementor-widget-container\">\n\t\t\t\t\t\t\t<div class=\"elementor-spacer\">\n\t\t\t<div class=\"elementor-spacer-inner\"><\/div>\n\t\t<\/div>\n\t\t\t\t\t\t<\/div>\n\t\t\t\t<\/div>\n\t\t\t\t\t<\/div>\n\t\t<\/div>\n\t\t\t\t\t<\/div>\n\t\t<\/section>\n\t\t<div class=\"elementor-element elementor-element-7e2cb54 e-con-full e-flex e-con e-parent\" data-id=\"7e2cb54\" data-element_type=\"container\" data-e-type=\"container\" data-settings=\"{&quot;background_background&quot;:&quot;classic&quot;}\">\n\t\t<div class=\"elementor-element elementor-element-61b8f64 e-con-full e-flex e-con e-child\" data-id=\"61b8f64\" data-element_type=\"container\" data-e-type=\"container\" data-settings=\"{&quot;background_background&quot;:&quot;classic&quot;}\">\n\t\t\t\t<div class=\"elementor-element elementor-element-efe7ebe elementor-widget elementor-widget-heading\" data-id=\"efe7ebe\" data-element_type=\"widget\" data-e-type=\"widget\" data-widget_type=\"heading.default\">\n\t\t\t\t<div class=\"elementor-widget-container\">\n\t\t\t\t\t<h1 class=\"elementor-heading-title elementor-size-default\">Seid ihr bereit f\u00fcr eure Hochzeit?<\/h1>\t\t\t\t<\/div>\n\t\t\t\t<\/div>\n\t\t\t\t<div class=\"elementor-element elementor-element-088d630 elementor-widget elementor-widget-spacer\" data-id=\"088d630\" data-element_type=\"widget\" data-e-type=\"widget\" data-widget_type=\"spacer.default\">\n\t\t\t\t<div class=\"elementor-widget-container\">\n\t\t\t\t\t\t\t<div class=\"elementor-spacer\">\n\t\t\t<div class=\"elementor-spacer-inner\"><\/div>\n\t\t<\/div>\n\t\t\t\t\t\t<\/div>\n\t\t\t\t<\/div>\n\t\t\t\t<div class=\"elementor-element elementor-element-7efe5f3 elementor-widget elementor-widget-text-editor\" data-id=\"7efe5f3\" data-element_type=\"widget\" data-e-type=\"widget\" data-widget_type=\"text-editor.default\">\n\t\t\t\t<div class=\"elementor-widget-container\">\n\t\t\t\t\t\t\t\t\t<p data-start=\"279\" data-end=\"558\">Ich freue mich darauf, mehr \u00fcber euch, eure Vision und eure W\u00fcnsche zu erfahren und gemeinsam herauszufinden, ob wir eure Hochzeit zu etwas ganz Besonderem machen d\u00fcrfen.<\/p><p data-start=\"279\" data-end=\"558\">Bis bald,\u00a0<\/p>\t\t\t\t\t\t\t\t<\/div>\n\t\t\t\t<\/div>\n\t\t\t\t<div class=\"elementor-element elementor-element-f0acd70 elementor-widget elementor-widget-text-editor\" data-id=\"f0acd70\" data-element_type=\"widget\" data-e-type=\"widget\" data-widget_type=\"text-editor.default\">\n\t\t\t\t<div class=\"elementor-widget-container\">\n\t\t\t\t\t\t\t\t\t<p>Jennifer<\/p>\t\t\t\t\t\t\t\t<\/div>\n\t\t\t\t<\/div>\n\t\t\t\t<div class=\"elementor-element elementor-element-2e302b4 elementor-widget elementor-widget-spacer\" data-id=\"2e302b4\" data-element_type=\"widget\" data-e-type=\"widget\" data-widget_type=\"spacer.default\">\n\t\t\t\t<div class=\"elementor-widget-container\">\n\t\t\t\t\t\t\t<div class=\"elementor-spacer\">\n\t\t\t<div class=\"elementor-spacer-inner\"><\/div>\n\t\t<\/div>\n\t\t\t\t\t\t<\/div>\n\t\t\t\t<\/div>\n\t\t\t\t<div class=\"elementor-element elementor-element-c63b603 elementor-align-left animated-slow elementor-widget elementor-widget-button\" data-id=\"c63b603\" data-element_type=\"widget\" data-e-type=\"widget\" data-settings=\"{&quot;_animation&quot;:&quot;none&quot;,&quot;_animation_tablet&quot;:&quot;fadeIn&quot;,&quot;_animation_mobile&quot;:&quot;fadeIn&quot;}\" data-widget_type=\"button.default\">\n\t\t\t\t<div class=\"elementor-widget-container\">\n\t\t\t\t\t\t\t\t\t<div class=\"elementor-button-wrapper\">\n\t\t\t\t\t<a class=\"elementor-button elementor-button-link elementor-size-sm\" href=\"https:\/\/studiowedded.com\/contact\/\">\n\t\t\t\t\t\t<span class=\"elementor-button-content-wrapper\">\n\t\t\t\t\t\t\t\t\t<span class=\"elementor-button-text\">ZUM KOSTENFREIEN BERATUNGSGESPR\u00c4CH<\/span>\n\t\t\t\t\t<\/span>\n\t\t\t\t\t<\/a>\n\t\t\t\t<\/div>\n\t\t\t\t\t\t\t\t<\/div>\n\t\t\t\t<\/div>\n\t\t\t\t<\/div>\n\t\t<div class=\"elementor-element elementor-element-53cf157 e-con-full e-flex e-con e-child\" data-id=\"53cf157\" data-element_type=\"container\" data-e-type=\"container\">\n\t\t\t\t<div class=\"elementor-element elementor-element-961cae0 elementor-widget elementor-widget-image\" data-id=\"961cae0\" data-element_type=\"widget\" data-e-type=\"widget\" data-widget_type=\"image.default\">\n\t\t\t\t<div class=\"elementor-widget-container\">\n\t\t\t\t\t\t\t\t\t\t\t\t\t\t\t<img decoding=\"async\" width=\"1707\" height=\"2560\" src=\"https:\/\/studiowedded.com\/wp-content\/uploads\/2025\/10\/IMG_2816_KaaraStories-1-scaled.jpg\" class=\"attachment-full size-full wp-image-3904\" alt=\"\" srcset=\"https:\/\/studiowedded.com\/wp-content\/uploads\/2025\/10\/IMG_2816_KaaraStories-1-scaled.jpg 1707w, https:\/\/studiowedded.com\/wp-content\/uploads\/2025\/10\/IMG_2816_KaaraStories-1-200x300.jpg 200w, https:\/\/studiowedded.com\/wp-content\/uploads\/2025\/10\/IMG_2816_KaaraStories-1-683x1024.jpg 683w, https:\/\/studiowedded.com\/wp-content\/uploads\/2025\/10\/IMG_2816_KaaraStories-1-768x1152.jpg 768w, https:\/\/studiowedded.com\/wp-content\/uploads\/2025\/10\/IMG_2816_KaaraStories-1-1024x1536.jpg 1024w, https:\/\/studiowedded.com\/wp-content\/uploads\/2025\/10\/IMG_2816_KaaraStories-1-1365x2048.jpg 1365w\" sizes=\"(max-width: 1707px) 100vw, 1707px\" \/>\t\t\t\t\t\t\t\t\t\t\t\t\t\t\t<\/div>\n\t\t\t\t<\/div>\n\t\t\t\t<\/div>\n\t\t\t\t<\/div>\n\t\t\t\t<\/div>\n\t\t","protected":false},"excerpt":{"rendered":"<p>DIE KOMPLETTPLANUNG F\u00fcr erfolgreiche Paare mit wenig Zeit und hohen Anspr\u00fcchen ZUM KOSTENFREIEN BERATUNGSGESPR\u00c4CH STUDIO WEDDED \u201eEffortless design begins with thoughtful planning.\u201c Ihr w\u00fcnscht euch eine Hochzeit, die sich m\u00fchelos anf\u00fchlt \u2013 durchdacht, \u00e4sthetisch und mit einer klaren Linie von Anfang bis Ende?Ich begleite euch ganzheitlich durch den gesamten Planungsprozess und gestalte Erlebnisse, die eure [&hellip;]<\/p>\n","protected":false},"author":1,"featured_media":0,"parent":0,"menu_order":0,"comment_status":"closed","ping_status":"closed","template":"","meta":{"footnotes":""},"class_list":["post-502","page","type-page","status-publish","hentry"],"_links":{"self":[{"href":"https:\/\/studiowedded.com\/en\/wp-json\/wp\/v2\/pages\/502","targetHints":{"allow":["GET"]}}],"collection":[{"href":"https:\/\/studiowedded.com\/en\/wp-json\/wp\/v2\/pages"}],"about":[{"href":"https:\/\/studiowedded.com\/en\/wp-json\/wp\/v2\/types\/page"}],"author":[{"embeddable":true,"href":"https:\/\/studiowedded.com\/en\/wp-json\/wp\/v2\/users\/1"}],"replies":[{"embeddable":true,"href":"https:\/\/studiowedded.com\/en\/wp-json\/wp\/v2\/comments?post=502"}],"version-history":[{"count":352,"href":"https:\/\/studiowedded.com\/en\/wp-json\/wp\/v2\/pages\/502\/revisions"}],"predecessor-version":[{"id":5027,"href":"https:\/\/studiowedded.com\/en\/wp-json\/wp\/v2\/pages\/502\/revisions\/5027"}],"wp:attachment":[{"href":"https:\/\/studiowedded.com\/en\/wp-json\/wp\/v2\/media?parent=502"}],"curies":[{"name":"wp","href":"https:\/\/api.w.org\/{rel}","templated":true}]}}