{"id":241,"date":"2023-06-15T11:55:11","date_gmt":"2023-06-15T09:55:11","guid":{"rendered":"https:\/\/studiowedded.com\/about\/"},"modified":"2026-03-10T21:03:30","modified_gmt":"2026-03-10T20:03:30","slug":"about","status":"publish","type":"page","link":"https:\/\/studiowedded.com\/en\/about\/","title":{"rendered":"About"},"content":{"rendered":"\t\t<div data-elementor-type=\"wp-page\" data-elementor-id=\"241\" class=\"elementor elementor-241\" data-elementor-post-type=\"page\">\n\t\t\t\t\t\t<section class=\"elementor-section elementor-top-section elementor-element elementor-element-811f81c elementor-section-height-min-height elementor-section-items-stretch elementor-section-content-middle elementor-section-full_width elementor-section-height-default\" data-id=\"811f81c\" data-element_type=\"section\" data-e-type=\"section\" data-settings=\"{&quot;background_background&quot;:&quot;classic&quot;,&quot;background_motion_fx_range&quot;:&quot;viewport&quot;,&quot;background_motion_fx_motion_fx_mouse&quot;:&quot;yes&quot;,&quot;background_motion_fx_motion_fx_scrolling&quot;:&quot;yes&quot;,&quot;background_motion_fx_scale_effect&quot;:&quot;yes&quot;,&quot;background_motion_fx_scale_direction&quot;:&quot;out-in&quot;,&quot;background_motion_fx_scale_speed&quot;:{&quot;unit&quot;:&quot;px&quot;,&quot;size&quot;:4,&quot;sizes&quot;:[]},&quot;background_motion_fx_scale_range&quot;:{&quot;unit&quot;:&quot;%&quot;,&quot;size&quot;:&quot;&quot;,&quot;sizes&quot;:{&quot;start&quot;:20,&quot;end&quot;:80}},&quot;background_motion_fx_devices&quot;:[&quot;desktop&quot;,&quot;tablet&quot;,&quot;mobile&quot;]}\">\n\t\t\t\t\t\t<div class=\"elementor-container elementor-column-gap-no\">\n\t\t\t\t\t<div class=\"elementor-column elementor-col-100 elementor-top-column elementor-element elementor-element-b10dad2\" data-id=\"b10dad2\" data-element_type=\"column\" data-e-type=\"column\">\n\t\t\t<div class=\"elementor-widget-wrap\">\n\t\t\t\t\t\t\t<\/div>\n\t\t<\/div>\n\t\t\t\t\t<\/div>\n\t\t<\/section>\n\t\t\t\t<section class=\"elementor-section elementor-top-section elementor-element elementor-element-93c7678 elementor-section-boxed elementor-section-height-default elementor-section-height-default\" data-id=\"93c7678\" data-element_type=\"section\" data-e-type=\"section\">\n\t\t\t\t\t\t<div class=\"elementor-container elementor-column-gap-default\">\n\t\t\t\t\t<div class=\"elementor-column elementor-col-100 elementor-top-column elementor-element elementor-element-a7126d7\" data-id=\"a7126d7\" data-element_type=\"column\" data-e-type=\"column\">\n\t\t\t<div class=\"elementor-widget-wrap elementor-element-populated\">\n\t\t\t\t\t\t<div class=\"elementor-element elementor-element-550dc10 elementor-widget elementor-widget-spacer\" data-id=\"550dc10\" data-element_type=\"widget\" data-e-type=\"widget\" data-widget_type=\"spacer.default\">\n\t\t\t\t<div class=\"elementor-widget-container\">\n\t\t\t\t\t\t\t<div class=\"elementor-spacer\">\n\t\t\t<div class=\"elementor-spacer-inner\"><\/div>\n\t\t<\/div>\n\t\t\t\t\t\t<\/div>\n\t\t\t\t<\/div>\n\t\t\t\t<section class=\"elementor-section elementor-inner-section elementor-element elementor-element-520a402 elementor-section-boxed elementor-section-height-default elementor-section-height-default\" data-id=\"520a402\" data-element_type=\"section\" data-e-type=\"section\">\n\t\t\t\t\t\t<div class=\"elementor-container elementor-column-gap-default\">\n\t\t\t\t\t<div class=\"elementor-column elementor-col-100 elementor-inner-column elementor-element elementor-element-5826114\" data-id=\"5826114\" data-element_type=\"column\" data-e-type=\"column\">\n\t\t\t<div class=\"elementor-widget-wrap elementor-element-populated\">\n\t\t\t\t\t\t<div class=\"elementor-element elementor-element-90fd4db animated-slow elementor-invisible elementor-widget elementor-widget-heading\" data-id=\"90fd4db\" data-element_type=\"widget\" data-e-type=\"widget\" data-settings=\"{&quot;_animation&quot;:&quot;fadeIn&quot;,&quot;_animation_tablet&quot;:&quot;fadeIn&quot;,&quot;_animation_mobile&quot;:&quot;fadeIn&quot;}\" data-widget_type=\"heading.default\">\n\t\t\t\t<div class=\"elementor-widget-container\">\n\t\t\t\t\t<h2 class=\"elementor-heading-title elementor-size-default\"><span>\"WENN ICH AM HOCHZEITSTAG DIE FREUDE IN EUREN AUGEN SEHE, WEIL WIR EURE TRAUMHOCHZEIT ERSCHAFFEN HABEN, HABEN WIR UNSEREN JOB RICHTIG GEMACHT.\"<\/span><\/h2>\t\t\t\t<\/div>\n\t\t\t\t<\/div>\n\t\t\t\t<div class=\"elementor-element elementor-element-06a7282 animated-slow elementor-invisible elementor-widget elementor-widget-heading\" data-id=\"06a7282\" data-element_type=\"widget\" data-e-type=\"widget\" data-settings=\"{&quot;_animation&quot;:&quot;fadeIn&quot;,&quot;_animation_tablet&quot;:&quot;fadeIn&quot;,&quot;_animation_mobile&quot;:&quot;fadeIn&quot;}\" data-widget_type=\"heading.default\">\n\t\t\t\t<div class=\"elementor-widget-container\">\n\t\t\t\t\t<h2 class=\"elementor-heading-title elementor-size-default\">Jennifer Meachem<\/h2>\t\t\t\t<\/div>\n\t\t\t\t<\/div>\n\t\t\t\t<div class=\"elementor-element elementor-element-555845f animated-slow elementor-invisible elementor-widget elementor-widget-heading\" data-id=\"555845f\" data-element_type=\"widget\" data-e-type=\"widget\" data-settings=\"{&quot;_animation&quot;:&quot;fadeIn&quot;,&quot;_animation_tablet&quot;:&quot;fadeIn&quot;,&quot;_animation_mobile&quot;:&quot;fadeIn&quot;}\" data-widget_type=\"heading.default\">\n\t\t\t\t<div class=\"elementor-widget-container\">\n\t\t\t\t\t<h1 class=\"elementor-heading-title elementor-size-default\">Gr\u00fcnderin &amp; Hochzeitsplanerin<\/h1>\t\t\t\t<\/div>\n\t\t\t\t<\/div>\n\t\t\t\t\t<\/div>\n\t\t<\/div>\n\t\t\t\t\t<\/div>\n\t\t<\/section>\n\t\t\t\t<div class=\"elementor-element elementor-element-2b3604f elementor-widget elementor-widget-spacer\" data-id=\"2b3604f\" data-element_type=\"widget\" data-e-type=\"widget\" data-widget_type=\"spacer.default\">\n\t\t\t\t<div class=\"elementor-widget-container\">\n\t\t\t\t\t\t\t<div class=\"elementor-spacer\">\n\t\t\t<div class=\"elementor-spacer-inner\"><\/div>\n\t\t<\/div>\n\t\t\t\t\t\t<\/div>\n\t\t\t\t<\/div>\n\t\t\t\t<section class=\"elementor-section elementor-inner-section elementor-element elementor-element-6e2edb0 elementor-section-boxed elementor-section-height-default elementor-section-height-default\" data-id=\"6e2edb0\" data-element_type=\"section\" data-e-type=\"section\">\n\t\t\t\t\t\t<div class=\"elementor-container elementor-column-gap-default\">\n\t\t\t\t\t<div class=\"elementor-column elementor-col-50 elementor-inner-column elementor-element elementor-element-020d856\" data-id=\"020d856\" data-element_type=\"column\" data-e-type=\"column\">\n\t\t\t<div class=\"elementor-widget-wrap elementor-element-populated\">\n\t\t\t\t\t\t<div class=\"elementor-element elementor-element-65dd355 elementor-widget elementor-widget-image\" data-id=\"65dd355\" data-element_type=\"widget\" data-e-type=\"widget\" data-widget_type=\"image.default\">\n\t\t\t\t<div class=\"elementor-widget-container\">\n\t\t\t\t\t\t\t\t\t\t\t\t\t\t\t<img fetchpriority=\"high\" decoding=\"async\" width=\"1707\" height=\"2560\" src=\"https:\/\/studiowedded.com\/wp-content\/uploads\/2025\/02\/StudioWedded_StudioDay_16022025_059-Verbessert-RR-scaled.jpg\" class=\"attachment-full size-full wp-image-3464\" alt=\"Hochzeitsplanerin Jennifer von Studio Wedded\" srcset=\"https:\/\/studiowedded.com\/wp-content\/uploads\/2025\/02\/StudioWedded_StudioDay_16022025_059-Verbessert-RR-scaled.jpg 1707w, https:\/\/studiowedded.com\/wp-content\/uploads\/2025\/02\/StudioWedded_StudioDay_16022025_059-Verbessert-RR-200x300.jpg 200w, https:\/\/studiowedded.com\/wp-content\/uploads\/2025\/02\/StudioWedded_StudioDay_16022025_059-Verbessert-RR-683x1024.jpg 683w, https:\/\/studiowedded.com\/wp-content\/uploads\/2025\/02\/StudioWedded_StudioDay_16022025_059-Verbessert-RR-768x1152.jpg 768w, https:\/\/studiowedded.com\/wp-content\/uploads\/2025\/02\/StudioWedded_StudioDay_16022025_059-Verbessert-RR-1024x1536.jpg 1024w, https:\/\/studiowedded.com\/wp-content\/uploads\/2025\/02\/StudioWedded_StudioDay_16022025_059-Verbessert-RR-1365x2048.jpg 1365w\" sizes=\"(max-width: 1707px) 100vw, 1707px\" \/>\t\t\t\t\t\t\t\t\t\t\t\t\t\t\t<\/div>\n\t\t\t\t<\/div>\n\t\t\t\t\t<\/div>\n\t\t<\/div>\n\t\t\t\t<div class=\"elementor-column elementor-col-50 elementor-inner-column elementor-element elementor-element-64bdf55\" data-id=\"64bdf55\" data-element_type=\"column\" data-e-type=\"column\">\n\t\t\t<div class=\"elementor-widget-wrap elementor-element-populated\">\n\t\t\t\t\t\t<div class=\"elementor-element elementor-element-3b7770e elementor-widget elementor-widget-text-editor\" data-id=\"3b7770e\" data-element_type=\"widget\" data-e-type=\"widget\" data-widget_type=\"text-editor.default\">\n\t\t\t\t<div class=\"elementor-widget-container\">\n\t\t\t\t\t\t\t\t\t<p>Liebes Brautpaar,<\/p><p>ich freue mich, dass Ihr den Weg zu Studio Wedded gefunden habt und gratuliere Euch herzlich zur Verlobung. Die Zeit der Hochzeitsplanung ist sehr besonders und sollte von Euch in vollen Z\u00fcgen genossen werden.<\/p><p>Ich freue mich darauf Eure W\u00fcnsche und Vorstellungen zu h\u00f6ren, Euch kennenzulernen und f\u00fcr Euch ein einzigartiges und \u00e4sthetisches Event zu gestalten, voller Emotionen und besonderen Details. Denn jedes Paar ist einzigartig und mein Ziel ist es, dass Ihr diese Einzigartigkeit in Eurem Tag wiederfindet.\u00a0<\/p><p>Ich habe Event-Management studiert und habe \u00fcber 14 Jahre Erfahrung als Projektmanagerin.<\/p><p>Beim Design der Hochzeiten lasse ich mich von Interior, Fashion und Reisen inspirieren um elegante Farb-, und Dekorationskonzepte zu entwickeln. Eleganz, Atmosph\u00e4re und \u00c4sthetik sind mir hierbei sehr wichtig.<\/p><p>Wenn ich mich nicht mit Hochzeiten besch\u00e4ftige, verbringe ich die Zeit am liebsten mit meiner Familie oder lese ein gutes Buch. Diese Momente geben mir jedes Mal aufs neue Energie.\u00a0<\/p><p>Ich freue mich darauf Euch kennenzulernen und einige der sch\u00f6nsten Momente in Eurem Leben zu gestalten.<\/p>\t\t\t\t\t\t\t\t<\/div>\n\t\t\t\t<\/div>\n\t\t\t\t<div class=\"elementor-element elementor-element-65bf9ec elementor-align-left animated-slow elementor-widget elementor-widget-button\" data-id=\"65bf9ec\" data-element_type=\"widget\" data-e-type=\"widget\" data-settings=\"{&quot;_animation&quot;:&quot;none&quot;,&quot;_animation_tablet&quot;:&quot;fadeIn&quot;,&quot;_animation_mobile&quot;:&quot;fadeIn&quot;}\" data-widget_type=\"button.default\">\n\t\t\t\t<div class=\"elementor-widget-container\">\n\t\t\t\t\t\t\t\t\t<div class=\"elementor-button-wrapper\">\n\t\t\t\t\t<a class=\"elementor-button elementor-button-link elementor-size-sm\" href=\"https:\/\/studiowedded.com\/contact\/\">\n\t\t\t\t\t\t<span class=\"elementor-button-content-wrapper\">\n\t\t\t\t\t\t\t\t\t<span class=\"elementor-button-text\">ZUM KOSTENFREIEN BERATUNGSGESPR\u00c4CH<\/span>\n\t\t\t\t\t<\/span>\n\t\t\t\t\t<\/a>\n\t\t\t\t<\/div>\n\t\t\t\t\t\t\t\t<\/div>\n\t\t\t\t<\/div>\n\t\t\t\t\t<\/div>\n\t\t<\/div>\n\t\t\t\t\t<\/div>\n\t\t<\/section>\n\t\t\t\t<div class=\"elementor-element elementor-element-b0db6e1 elementor-widget elementor-widget-spacer\" data-id=\"b0db6e1\" data-element_type=\"widget\" data-e-type=\"widget\" data-widget_type=\"spacer.default\">\n\t\t\t\t<div class=\"elementor-widget-container\">\n\t\t\t\t\t\t\t<div class=\"elementor-spacer\">\n\t\t\t<div class=\"elementor-spacer-inner\"><\/div>\n\t\t<\/div>\n\t\t\t\t\t\t<\/div>\n\t\t\t\t<\/div>\n\t\t\t\t\t<\/div>\n\t\t<\/div>\n\t\t\t\t\t<\/div>\n\t\t<\/section>\n\t\t\t\t<\/div>\n\t\t","protected":false},"excerpt":{"rendered":"<p>&#8222;WENN ICH AM HOCHZEITSTAG DIE FREUDE IN EUREN AUGEN SEHE, WEIL WIR EURE TRAUMHOCHZEIT ERSCHAFFEN HABEN, HABEN WIR UNSEREN JOB RICHTIG GEMACHT.&#8220; Jennifer Meachem Gr\u00fcnderin &amp; Hochzeitsplanerin Liebes Brautpaar, ich freue mich, dass Ihr den Weg zu Studio Wedded gefunden habt und gratuliere Euch herzlich zur Verlobung. Die Zeit der Hochzeitsplanung ist sehr besonders und [&hellip;]<\/p>\n","protected":false},"author":1,"featured_media":0,"parent":0,"menu_order":0,"comment_status":"closed","ping_status":"closed","template":"elementor_header_footer","meta":{"footnotes":""},"class_list":["post-241","page","type-page","status-publish","hentry"],"_links":{"self":[{"href":"https:\/\/studiowedded.com\/en\/wp-json\/wp\/v2\/pages\/241","targetHints":{"allow":["GET"]}}],"collection":[{"href":"https:\/\/studiowedded.com\/en\/wp-json\/wp\/v2\/pages"}],"about":[{"href":"https:\/\/studiowedded.com\/en\/wp-json\/wp\/v2\/types\/page"}],"author":[{"embeddable":true,"href":"https:\/\/studiowedded.com\/en\/wp-json\/wp\/v2\/users\/1"}],"replies":[{"embeddable":true,"href":"https:\/\/studiowedded.com\/en\/wp-json\/wp\/v2\/comments?post=241"}],"version-history":[{"count":229,"href":"https:\/\/studiowedded.com\/en\/wp-json\/wp\/v2\/pages\/241\/revisions"}],"predecessor-version":[{"id":4832,"href":"https:\/\/studiowedded.com\/en\/wp-json\/wp\/v2\/pages\/241\/revisions\/4832"}],"wp:attachment":[{"href":"https:\/\/studiowedded.com\/en\/wp-json\/wp\/v2\/media?parent=241"}],"curies":[{"name":"wp","href":"https:\/\/api.w.org\/{rel}","templated":true}]}}