{"id":161,"date":"2023-06-27T05:15:35","date_gmt":"2023-06-27T03:15:35","guid":{"rendered":"https:\/\/studiowedded.com\/?page_id=161"},"modified":"2024-11-27T04:58:45","modified_gmt":"2024-11-27T03:58:45","slug":"imprint","status":"publish","type":"page","link":"https:\/\/studiowedded.com\/en\/impressum\/","title":{"rendered":"Imprint"},"content":{"rendered":"<div data-elementor-type=\"wp-page\" data-elementor-id=\"161\" class=\"elementor elementor-161\" data-elementor-post-type=\"page\">\n\t\t\t\t\t\t<section class=\"elementor-section elementor-top-section elementor-element elementor-element-191c959 elementor-section-boxed elementor-section-height-default elementor-section-height-default\" data-id=\"191c959\" data-element_type=\"section\" data-e-type=\"section\">\n\t\t\t\t\t\t<div class=\"elementor-container elementor-column-gap-default\">\n\t\t\t\t\t<div class=\"elementor-column elementor-col-100 elementor-top-column elementor-element elementor-element-fbf1951\" data-id=\"fbf1951\" data-element_type=\"column\" data-e-type=\"column\">\n\t\t\t<div class=\"elementor-widget-wrap elementor-element-populated\">\n\t\t\t\t\t\t<div class=\"elementor-element elementor-element-3a1c89e elementor-widget elementor-widget-text-editor\" data-id=\"3a1c89e\" data-element_type=\"widget\" data-e-type=\"widget\" data-widget_type=\"text-editor.default\">\n\t\t\t\t<div class=\"elementor-widget-container\">\n\t\t\t\t\t\t\t\t\t<div data-canvas-width=\"237.952\">\n<p>Details<strong style=\"color: var( --e-global-color-text ); font-family: var( --e-global-typography-text-font-family ), Sans-serif; font-size: var( --e-global-typography-text-font-size ); font-style: var( --e-global-typography-text-font-style ); letter-spacing: var( --e-global-typography-text-letter-spacing ); text-transform: var( --e-global-typography-text-text-transform );\"> according to \u00a7 5 TMG<\/strong><\/p>\n<\/div>\n<div data-canvas-width=\"108.16\">Studio Wedded<\/div>\n<div data-canvas-width=\"108.16\">Jennifer Meachem<\/div>\n<div data-canvas-width=\"131.5866666666667\">Kurt-K\u00fcchler-Strasse 5<\/div>\n<div data-canvas-width=\"131.5866666666667\">22609 Hamburg<\/div>\n<div data-canvas-width=\"131.5866666666667\">&nbsp;<\/div>\n<div data-canvas-width=\"78.63466666666667\"><strong>Contact us<\/strong><\/div>\n<div data-canvas-width=\"188.26666666666668\">E-mail: info@studiowedded.com<\/div>\n<div data-canvas-width=\"188.26666666666668\">&nbsp;<\/div>\n<div data-canvas-width=\"188.26666666666668\"><strong>Responsible for editorial-journalistic content:<\/strong>&nbsp;<\/div>\n<div data-canvas-width=\"188.26666666666668\">Jennifer Meachem<\/div>\n<div data-canvas-width=\"188.26666666666668\">&nbsp;<\/div>\n<div data-canvas-width=\"198.40000000000003\"><strong>EU dispute resolution<\/strong><\/div>\n<div data-canvas-width=\"514.5466666666669\">The European Commission provides a platform for online dispute resolution (ODR):&nbsp;<span style=\"letter-spacing: 0px; background-color: var( --e-global-color-c696dce );\">https:\/\/ec.europa.eu\/consumers\/odr\/.<\/span><\/div>\n<div data-canvas-width=\"216.89333333333335\">You can find our e-mail address in the legal notice above.<\/div>\n<div data-canvas-width=\"313.8000000000002\">&nbsp;<\/div>\n<div data-canvas-width=\"536.5333333333336\"><strong>Consumer dispute resolution\/<\/strong><br><strong>Universal arbitration board<\/strong><\/div>\n<div data-canvas-width=\"449.5866666666667\">We are not willing or obliged to participate in dispute resolution proceedings before a&nbsp;<span style=\"letter-spacing: 0px; background-color: var( --e-global-color-c696dce );\">consumer arbitration board.<\/span><\/div>\n<div data-canvas-width=\"263.2000000000001\"><span style=\"background-color: var( --e-global-color-c696dce ); letter-spacing: 0px;\">&nbsp;<\/span><\/div>\n<div data-canvas-width=\"42.21333333333333\">Source:<\/div>\n<div data-canvas-width=\"42.21333333333333\"><span style=\"color: #000000;\"><a style=\"color: #000000;\" href=\"https:\/\/www.e-recht24.de\/impressum-generator.html\" target=\"_blank\" rel=\"noopener\">https:\/\/www.e-recht24.de<\/a><\/span><\/div>\n<div data-canvas-width=\"313.88000000000005\">&nbsp;<\/div>\n<div data-canvas-width=\"313.88000000000005\">This legal notice is also valid for the Instagram profile:&nbsp;<\/div>\n<div data-canvas-width=\"313.88000000000005\"><span style=\"color: #000000;\"><a style=\"color: #000000;\" href=\"https:\/\/www.instagram.com\/studiowedded\" target=\"_blank\" rel=\"noopener\">https:\/\/www.instagram.com\/studiowedded<\/a><\/span><\/div>\n<div data-canvas-width=\"313.88000000000005\">&nbsp;<\/div>\n<div data-canvas-width=\"313.88000000000005\">\n<p><strong>References for the images used: <\/strong><\/p>\n<p>Cora Neum\u00fcller from Emoments Photography<\/p><p><span style=\"color: var( --e-global-color-08e4b34 ); letter-spacing: 0px; background-color: var( --e-global-color-c696dce );\">Nathan Dumlao<\/span><\/p>\n<p>Filipp Romanovski<\/p>\n<\/div>\n<div data-canvas-width=\"313.88000000000005\">&nbsp;<\/div>\n<div data-canvas-width=\"313.88000000000005\"><strong>Proof of source of the video used:&nbsp;<\/strong><\/div>\n<div data-canvas-width=\"313.88000000000005\">Amina Weber&nbsp;<\/div>\n<div data-canvas-width=\"313.88000000000005\">&nbsp;<\/div>\n<div data-canvas-width=\"313.88000000000005\"><strong>Corporate Design:&nbsp;<\/strong><br><span style=\"color: #000000;\"><a style=\"color: #000000;\" href=\"https:\/\/julianeollendorf.com\/\" target=\"_blank\" rel=\"noopener\">Juliane Ollendorf&nbsp;<\/a><\/span><\/div>\n<div data-canvas-width=\"313.88000000000005\">&nbsp;<\/div>\t\t\t\t\t\t\t\t<\/div>\n\t\t\t\t<\/div>\n\t\t\t\t\t<\/div>\n\t\t<\/div>\n\t\t\t\t\t<\/div>\n\t\t<\/section>\n\t\t\t\t<\/div>","protected":false},"excerpt":{"rendered":"<p>Angaben gem\u00e4\u00df \u00a7 5 TMG Studio Wedded Jennifer Meachem Kurt-K\u00fcchler-Stra\u00dfe 5 22609 Hamburg &nbsp; Kontakt E-Mail: info@studiowedded.com &nbsp; Verantwortlich f\u00fcr redaktionell-journalistische Inhalte:&nbsp; Jennifer Meachem &nbsp; EU-Streitschlichtung Die Europ\u00e4ische Kommission stellt eine Plattform zur Online-Streitbeilegung (OS) bereit:&nbsp;https:\/\/ec.europa.eu\/consumers\/odr\/. Unsere E-Mail-Adresse finden Sie oben im Impressum. &nbsp; Verbraucherstreitbeilegung\/Universalschlichtungsstelle Wir sind nicht bereit oder verpflichtet, an Streitbeilegungsverfahren vor einer&nbsp;Verbraucherschlichtungsstelle [&hellip;]<\/p>\n","protected":false},"author":1,"featured_media":0,"parent":0,"menu_order":0,"comment_status":"closed","ping_status":"closed","template":"elementor_header_footer","meta":{"footnotes":""},"class_list":["post-161","page","type-page","status-publish","hentry"],"_links":{"self":[{"href":"https:\/\/studiowedded.com\/en\/wp-json\/wp\/v2\/pages\/161","targetHints":{"allow":["GET"]}}],"collection":[{"href":"https:\/\/studiowedded.com\/en\/wp-json\/wp\/v2\/pages"}],"about":[{"href":"https:\/\/studiowedded.com\/en\/wp-json\/wp\/v2\/types\/page"}],"author":[{"embeddable":true,"href":"https:\/\/studiowedded.com\/en\/wp-json\/wp\/v2\/users\/1"}],"replies":[{"embeddable":true,"href":"https:\/\/studiowedded.com\/en\/wp-json\/wp\/v2\/comments?post=161"}],"version-history":[{"count":93,"href":"https:\/\/studiowedded.com\/en\/wp-json\/wp\/v2\/pages\/161\/revisions"}],"predecessor-version":[{"id":3182,"href":"https:\/\/studiowedded.com\/en\/wp-json\/wp\/v2\/pages\/161\/revisions\/3182"}],"wp:attachment":[{"href":"https:\/\/studiowedded.com\/en\/wp-json\/wp\/v2\/media?parent=161"}],"curies":[{"name":"wp","href":"https:\/\/api.w.org\/{rel}","templated":true}]}}